{"id":201,"date":"2024-11-26T10:42:25","date_gmt":"2024-11-26T10:42:25","guid":{"rendered":"https:\/\/satlujwebsolution.com\/clients\/ansabg\/?post_type=product&#038;p=201"},"modified":"2025-10-27T06:16:29","modified_gmt":"2025-10-27T06:16:29","slug":"ansa-daily-greens","status":"publish","type":"product","link":"https:\/\/myansa.rs\/ro\/produs\/ansa-daily-greens\/","title":{"rendered":"\u0430\u043d\u0441\u0430\u2122 &#8211; \u0414\u043d\u0435\u0432\u043d\u0435 \u0437\u0435\u043b\u0435\u043d\u0435 \u043d\u0430\u043c\u0438\u0440\u043d\u0438\u0446\u0435"},"content":{"rendered":"<p data-start=\"154\" data-end=\"445\"><strong>\u0414\u0430 \u043b\u0438 \u0432\u0430\u0441 \u043c\u0443\u0447\u0438 \u043d\u0430\u0434\u0438\u043c\u0430\u045a\u0435?<\/strong> \u0412\u0440\u0430\u0442\u0438\u0442\u0435 \u0440\u0430\u0432\u043d\u043e\u0442\u0435\u0436\u0443 \u0446\u0440\u0435\u0432\u0430. \u0418\u043c\u0430\u0442\u0435 \u0441\u0432\u0435 \u0448\u0442\u043e \u0432\u0430\u043c \u0458\u0435 \u043f\u043e\u0442\u0440\u0435\u0431\u043d\u043e \u0443 \u0458\u0435\u0434\u043d\u043e\u0458 \u043a\u0435\u0441\u0438\u0446\u0438: \u0432\u043e\u045b\u0435, \u043f\u043e\u0432\u0440\u045b\u0435, \u0435\u043d\u0437\u0438\u043c\u0435 \u0438 \u043f\u0440\u043e\u0431\u0438\u043e\u0442\u0438\u043a\u0435. <strong>59 \u043f\u0440\u0438\u0440\u043e\u0434\u043d\u0438\u0445 \u0441\u0430\u0441\u0442\u043e\u0458\u0430\u043a\u0430<\/strong> \u043a\u043e\u0458\u0438 \u0443\u0440\u0430\u0432\u043d\u043e\u0442\u0435\u0436\u0443\u0458\u0443 \u043c\u0438\u043a\u0440\u043e\u0431\u0438\u043e\u043c, \u0441\u043c\u0430\u045a\u0443\u0458\u0443 \u043d\u0430\u0434\u0438\u043c\u0430\u045a\u0435 \u0438 \u0434\u0430\u0458\u0443 \u0432\u0430\u043c \u0434\u043d\u0435\u0432\u043d\u0438 \u043d\u0430\u043b\u0435\u0442 \u0435\u043d\u0435\u0440\u0433\u0438\u0458\u0435. <strong data-start=\"117\" data-end=\"219\">\u0421\u0430 \u0441\u0430\u043c\u043e 1 \u043a\u0435\u0441\u0438\u0446\u043e\u043c \u0434\u043d\u0435\u0432\u043d\u043e. \ud83d\udce6 <\/strong>1 \u043a\u0443\u0442\u0438\u0458\u0430 = 20 \u043a\u0435\u0441\u0438\u0446\u0430. <strong data-start=\"117\" data-end=\"219\">\u0423\u043a\u0443\u0441: <\/strong>\u0441\u043b\u0430\u0434\u0430\u043a, \u043f\u0440\u0438\u0440\u043e\u0434\u043d\u0438 <strong data-start=\"117\" data-end=\"219\">\u2013 \u0458\u0430\u0431\u0443\u043a\u0435 \u0438 \u0430\u0440\u043e\u043c\u0430\u0442\u0438\u0447\u043d\u043e \u0431\u0438\u0459\u0435.<\/strong> \ud83c\udf4f\ud83c\udf3f<\/p>","protected":false},"excerpt":{"rendered":"<p>\u041d\u0430\u0458\u0443\u043a\u0443\u0441\u043d\u0438\u0458\u0435 \u0441\u0443\u043f\u0435\u0440\u0437\u0435\u043b\u0435\u043d\u043e \u043f\u043e\u0432\u0440\u045b\u0435 \u0443 \u0420\u0443\u043c\u0443\u043d\u0438\u0458\u0438, \u0443 \u0444\u043e\u0440\u043c\u0443\u043b\u0438 \u043a\u043e\u0458\u0430 \u043f\u043e\u0434\u0440\u0436\u0430\u0432\u0430 \u0432\u0430\u0440\u0435\u045a\u0435, \u0435\u043d\u0435\u0440\u0433\u0438\u0458\u0443 \u0438 \u0432\u0430\u0448\u0435 \u0431\u043b\u0430\u0433\u043e\u0441\u0442\u0430\u045a\u0435. 59 \u043f\u0440\u0438\u0440\u043e\u0434\u043d\u0438\u0445 \u0441\u0430\u0441\u0442\u043e\u0458\u0430\u043a\u0430 \u043a\u043e\u0458\u0438 \u043f\u043e\u0434\u0440\u0436\u0430\u0432\u0430\u0458\u0443 \u0432\u0430\u0448 \u043c\u0438\u043a\u0440\u043e\u0431\u0438\u043e\u043c, \u0441\u043c\u0430\u045a\u0443\u0458\u0443 \u043d\u0430\u0434\u0438\u043c\u0430\u045a\u0435 \u0438 \u0434\u0430\u0458\u0443 \u0432\u0430\u043c \u0441\u0432\u0430\u043a\u043e\u0434\u043d\u0435\u0432\u043d\u0438 \u043f\u043e\u0434\u0441\u0442\u0438\u0446\u0430\u0458 \u043c\u043e\u0442\u0438\u0432\u0430\u0446\u0438\u0458\u0435. <strong>\u0420\u0435\u0446\u0438\u0442\u0435 \u0437\u0431\u043e\u0433\u043e\u043c \u043d\u0430\u0434\u0438\u043c\u0430\u045a\u0443 \u2013 \u0441\u0430 \u0441\u0430\u043c\u043e 1 \u043a\u0435\u0441\u0438\u0446\u043e\u043c \u0434\u043d\u0435\u0432\u043d\u043e. \ud83d\udce6 1 \u043a\u0443\u0442\u0438\u0458\u0430 = 20 \u043a\u0435\u0441\u0438\u0446\u0430.<\/strong><\/p>","protected":false},"featured_media":7187,"comment_status":"open","ping_status":"closed","template":"","meta":{"ocean_post_layout":"","ocean_both_sidebars_style":"","ocean_both_sidebars_content_width":0,"ocean_both_sidebars_sidebars_width":0,"ocean_sidebar":"0","ocean_second_sidebar":"0","ocean_disable_margins":"enable","ocean_add_body_class":"","ocean_shortcode_before_top_bar":"","ocean_shortcode_after_top_bar":"","ocean_shortcode_before_header":"","ocean_shortcode_after_header":"","ocean_has_shortcode":"","ocean_shortcode_after_title":"","ocean_shortcode_before_footer_widgets":"","ocean_shortcode_after_footer_widgets":"","ocean_shortcode_before_footer_bottom":"","ocean_shortcode_after_footer_bottom":"","ocean_display_top_bar":"default","ocean_display_header":"default","ocean_header_style":"","ocean_center_header_left_menu":"0","ocean_custom_header_template":"0","ocean_custom_logo":0,"ocean_custom_retina_logo":0,"ocean_custom_logo_max_width":0,"ocean_custom_logo_tablet_max_width":0,"ocean_custom_logo_mobile_max_width":0,"ocean_custom_logo_max_height":0,"ocean_custom_logo_tablet_max_height":0,"ocean_custom_logo_mobile_max_height":0,"ocean_header_custom_menu":"0","ocean_menu_typo_font_family":"0","ocean_menu_typo_font_subset":"","ocean_menu_typo_font_size":0,"ocean_menu_typo_font_size_tablet":0,"ocean_menu_typo_font_size_mobile":0,"ocean_menu_typo_font_size_unit":"px","ocean_menu_typo_font_weight":"","ocean_menu_typo_font_weight_tablet":"","ocean_menu_typo_font_weight_mobile":"","ocean_menu_typo_transform":"","ocean_menu_typo_transform_tablet":"","ocean_menu_typo_transform_mobile":"","ocean_menu_typo_line_height":0,"ocean_menu_typo_line_height_tablet":0,"ocean_menu_typo_line_height_mobile":0,"ocean_menu_typo_line_height_unit":"","ocean_menu_typo_spacing":0,"ocean_menu_typo_spacing_tablet":0,"ocean_menu_typo_spacing_mobile":0,"ocean_menu_typo_spacing_unit":"","ocean_menu_link_color":"","ocean_menu_link_color_hover":"","ocean_menu_link_color_active":"","ocean_menu_link_background":"","ocean_menu_link_hover_background":"","ocean_menu_link_active_background":"","ocean_menu_social_links_bg":"","ocean_menu_social_hover_links_bg":"","ocean_menu_social_links_color":"","ocean_menu_social_hover_links_color":"","ocean_disable_title":"default","ocean_disable_heading":"default","ocean_post_title":"","ocean_post_subheading":"","ocean_post_title_style":"","ocean_post_title_background_color":"","ocean_post_title_background":0,"ocean_post_title_bg_image_position":"","ocean_post_title_bg_image_attachment":"","ocean_post_title_bg_image_repeat":"","ocean_post_title_bg_image_size":"","ocean_post_title_height":0,"ocean_post_title_bg_overlay":0.5,"ocean_post_title_bg_overlay_color":"","ocean_disable_breadcrumbs":"default","ocean_breadcrumbs_color":"","ocean_breadcrumbs_separator_color":"","ocean_breadcrumbs_links_color":"","ocean_breadcrumbs_links_hover_color":"","ocean_display_footer_widgets":"default","ocean_display_footer_bottom":"default","ocean_custom_footer_template":"0"},"product_brand":[],"product_cat":[75,69,74],"product_tag":[25],"class_list":{"0":"post-201","1":"product","2":"type-product","3":"status-publish","4":"has-post-thumbnail","6":"product_cat-75","7":"product_cat-69","8":"product_cat-74","9":"product_tag-newgreen","11":"entry","12":"has-media","14":"first","15":"instock","16":"sale","17":"taxable","18":"shipping-taxable","19":"purchasable","20":"product-type-variable","21":"has-default-attributes","22":"has-product-nav","23":"col","24":"span_1_of_4","25":"owp-content-center","26":"owp-thumbs-layout-horizontal","27":"owp-btn-normal","28":"owp-tabs-layout-horizontal"},"yoast_head":"<!-- This site is optimized with the Yoast SEO plugin v25.3 - https:\/\/yoast.com\/wordpress\/plugins\/seo\/ -->\n<title>Cele mai bune verde\u021buri pentru s\u0103n\u0103tatea ta digestiv\u0103. Doar 1 pe zi!<\/title>\n<meta name=\"description\" content=\"Sim\u021bi c\u0103 m\u0103n\u00e2nci mereu la fel? Hr\u0103ne\u0219te-\u021bi intestinul cu 59 de superalimente. Adio balonare. Daily Greens \u2013 1 pe zi, sim\u021bi diferen\u021ba!\" \/>\n<meta name=\"robots\" content=\"index, follow, max-snippet:-1, max-image-preview:large, max-video-preview:-1\" \/>\n<link rel=\"canonical\" href=\"https:\/\/myansa.rs\/ro\/produs\/ansa-daily-greens\/\" \/>\n<meta property=\"og:locale\" content=\"ro_RO\" \/>\n<meta property=\"og:type\" content=\"article\" \/>\n<meta property=\"og:title\" content=\"\u0430\u043d\u0441\u0430\u2122 - \u0414\u043d\u0435\u0432\u043d\u0435 \u0437\u0435\u043b\u0435\u043d\u0435 \u043d\u0430\u043c\u0438\u0440\u043d\u0438\u0446\u0435 - \u0412\u0441\u0438\u0447\u043a\u043e \u0437\u0430\u043f\u043e\u0447\u0432\u0430 \u043e\u0442 \u0447\u0435\u0440\u0432\u0430\u0442\u0430. \u041e\u0431\u043e\u0433\u0430\u0442\u0438 \u0433\u0438. \u0418\u0437\u0436\u0438\u0432\u0435\u0439 \u0440\u0430\u0437\u043b\u0438\u043a\u0430\u0442\u0430.\" \/>\n<meta property=\"og:description\" content=\"\u041d\u0430\u0439-\u0432\u043a\u0443\u0441\u043d\u0438\u044f\u0442 \u0437\u0435\u043b\u0435\u043d \u0441\u0443\u043f\u0435\u0440\u043c\u0438\u043a\u0441. 59 \u0441\u044a\u0441\u0442\u0430\u0432\u043a\u0438, \u0437\u0430 \u0434\u0430 \u0431\u044a\u0434\u0435\u0448 \u0437\u0434\u0440\u0430\u0432\u0430, \u0443\u0432\u0435\u0440\u0435\u043d\u0430 \u0438 \u0441\u0438\u044f\u0435\u0449\u0430.\" \/>\n<meta property=\"og:url\" content=\"https:\/\/myansa.rs\/ro\/produs\/ansa-daily-greens\/\" \/>\n<meta property=\"og:site_name\" content=\"\u0417\u0434\u0440\u0430\u0432\u0459\u0435 \u0416\u0435\u043d\u0435: \u041f\u0440\u043e\u0438\u0437\u0432\u043e\u0434\u0438 \u0438 \u0421\u0430\u0432\u0435\u0442\u0438 \u0437\u0430 \u041d\u0435\u0433\u0443 \u0422\u0435\u043b\u0430\" \/>\n<meta property=\"article:modified_time\" content=\"2025-10-27T06:16:29+00:00\" \/>\n<meta name=\"twitter:card\" content=\"summary_large_image\" \/>\n<meta name=\"twitter:image\" content=\"https:\/\/myansa.rs\/wp-content\/uploads\/2024\/11\/SR-1-1.jpg\" \/>\n<meta name=\"twitter:label1\" content=\"Timp estimat pentru citire\" \/>\n\t<meta name=\"twitter:data1\" content=\"1 minut\" \/>\n<script type=\"application\/ld+json\" class=\"yoast-schema-graph\">{\"@context\":\"https:\/\/schema.org\",\"@graph\":[{\"@type\":\"WebPage\",\"@id\":\"https:\/\/myansa.rs\/product\/ansa-daily-greens\/\",\"url\":\"https:\/\/myansa.rs\/product\/ansa-daily-greens\/\",\"name\":\"Cele mai bune verde\u021buri pentru s\u0103n\u0103tatea ta digestiv\u0103. Doar 1 pe zi!\",\"isPartOf\":{\"@id\":\"https:\/\/myansa.rs\/#website\"},\"primaryImageOfPage\":{\"@id\":\"https:\/\/myansa.rs\/product\/ansa-daily-greens\/#primaryimage\"},\"image\":{\"@id\":\"https:\/\/myansa.rs\/product\/ansa-daily-greens\/#primaryimage\"},\"thumbnailUrl\":\"https:\/\/myansa.rs\/wp-content\/uploads\/2024\/11\/SR-1-1.jpg\",\"datePublished\":\"2024-11-26T10:42:25+00:00\",\"dateModified\":\"2025-10-27T06:16:29+00:00\",\"description\":\"Sim\u021bi c\u0103 m\u0103n\u00e2nci mereu la fel? Hr\u0103ne\u0219te-\u021bi intestinul cu 59 de superalimente. Adio balonare. Daily Greens \u2013 1 pe zi, sim\u021bi diferen\u021ba!\",\"breadcrumb\":{\"@id\":\"https:\/\/myansa.rs\/product\/ansa-daily-greens\/#breadcrumb\"},\"inLanguage\":\"ro-RO\",\"potentialAction\":[{\"@type\":\"ReadAction\",\"target\":[\"https:\/\/myansa.rs\/product\/ansa-daily-greens\/\"]}]},{\"@type\":\"ImageObject\",\"inLanguage\":\"ro-RO\",\"@id\":\"https:\/\/myansa.rs\/product\/ansa-daily-greens\/#primaryimage\",\"url\":\"https:\/\/myansa.rs\/wp-content\/uploads\/2024\/11\/SR-1-1.jpg\",\"contentUrl\":\"https:\/\/myansa.rs\/wp-content\/uploads\/2024\/11\/SR-1-1.jpg\",\"width\":1200,\"height\":1200},{\"@type\":\"BreadcrumbList\",\"@id\":\"https:\/\/myansa.rs\/product\/ansa-daily-greens\/#breadcrumb\",\"itemListElement\":[{\"@type\":\"ListItem\",\"position\":1,\"name\":\"Home\",\"item\":\"https:\/\/myansa.rs\/\"},{\"@type\":\"ListItem\",\"position\":2,\"name\":\"Shop\",\"item\":\"https:\/\/myansa.rs\/shop\/\"},{\"@type\":\"ListItem\",\"position\":3,\"name\":\"\u0430\u043d\u0441\u0430\u2122 &#8211; \u0414\u043d\u0435\u0432\u043d\u0435 \u0437\u0435\u043b\u0435\u043d\u0435 \u043d\u0430\u043c\u0438\u0440\u043d\u0438\u0446\u0435\"}]},{\"@type\":\"WebSite\",\"@id\":\"https:\/\/myansa.rs\/#website\",\"url\":\"https:\/\/myansa.rs\/\",\"name\":\"\u0417\u0434\u0440\u0430\u0432\u0459\u0435 \u0416\u0435\u043d\u0435: \u041f\u0440\u043e\u0438\u0437\u0432\u043e\u0434\u0438 \u0438 \u0421\u0430\u0432\u0435\u0442\u0438 \u0437\u0430 \u041d\u0435\u0433\u0443 \u0422\u0435\u043b\u0430\",\"description\":\"\",\"potentialAction\":[{\"@type\":\"SearchAction\",\"target\":{\"@type\":\"EntryPoint\",\"urlTemplate\":\"https:\/\/myansa.rs\/?s={search_term_string}\"},\"query-input\":{\"@type\":\"PropertyValueSpecification\",\"valueRequired\":true,\"valueName\":\"search_term_string\"}}],\"inLanguage\":\"ro-RO\"}]}<\/script>\n<!-- \/ Yoast SEO plugin. -->","yoast_head_json":{"title":"Cele mai bune verde\u021buri pentru s\u0103n\u0103tatea ta digestiv\u0103. Doar 1 pe zi!","description":"Sim\u021bi c\u0103 m\u0103n\u00e2nci mereu la fel? Hr\u0103ne\u0219te-\u021bi intestinul cu 59 de superalimente. Adio balonare. Daily Greens \u2013 1 pe zi, sim\u021bi diferen\u021ba!","robots":{"index":"index","follow":"follow","max-snippet":"max-snippet:-1","max-image-preview":"max-image-preview:large","max-video-preview":"max-video-preview:-1"},"canonical":"https:\/\/myansa.rs\/ro\/produs\/ansa-daily-greens\/","og_locale":"ro_RO","og_type":"article","og_title":"\u0430\u043d\u0441\u0430\u2122 - \u0414\u043d\u0435\u0432\u043d\u0435 \u0437\u0435\u043b\u0435\u043d\u0435 \u043d\u0430\u043c\u0438\u0440\u043d\u0438\u0446\u0435 - \u0412\u0441\u0438\u0447\u043a\u043e \u0437\u0430\u043f\u043e\u0447\u0432\u0430 \u043e\u0442 \u0447\u0435\u0440\u0432\u0430\u0442\u0430. \u041e\u0431\u043e\u0433\u0430\u0442\u0438 \u0433\u0438. \u0418\u0437\u0436\u0438\u0432\u0435\u0439 \u0440\u0430\u0437\u043b\u0438\u043a\u0430\u0442\u0430.","og_description":"\u041d\u0430\u0439-\u0432\u043a\u0443\u0441\u043d\u0438\u044f\u0442 \u0437\u0435\u043b\u0435\u043d \u0441\u0443\u043f\u0435\u0440\u043c\u0438\u043a\u0441. 59 \u0441\u044a\u0441\u0442\u0430\u0432\u043a\u0438, \u0437\u0430 \u0434\u0430 \u0431\u044a\u0434\u0435\u0448 \u0437\u0434\u0440\u0430\u0432\u0430, \u0443\u0432\u0435\u0440\u0435\u043d\u0430 \u0438 \u0441\u0438\u044f\u0435\u0449\u0430.","og_url":"https:\/\/myansa.rs\/ro\/produs\/ansa-daily-greens\/","og_site_name":"\u0417\u0434\u0440\u0430\u0432\u0459\u0435 \u0416\u0435\u043d\u0435: \u041f\u0440\u043e\u0438\u0437\u0432\u043e\u0434\u0438 \u0438 \u0421\u0430\u0432\u0435\u0442\u0438 \u0437\u0430 \u041d\u0435\u0433\u0443 \u0422\u0435\u043b\u0430","article_modified_time":"2025-10-27T06:16:29+00:00","twitter_card":"summary_large_image","twitter_image":"https:\/\/myansa.rs\/wp-content\/uploads\/2024\/11\/SR-1-1.jpg","twitter_misc":{"Timp estimat pentru citire":"1 minut"},"schema":{"@context":"https:\/\/schema.org","@graph":[{"@type":"WebPage","@id":"https:\/\/myansa.rs\/product\/ansa-daily-greens\/","url":"https:\/\/myansa.rs\/product\/ansa-daily-greens\/","name":"Cele mai bune verde\u021buri pentru s\u0103n\u0103tatea ta digestiv\u0103. Doar 1 pe zi!","isPartOf":{"@id":"https:\/\/myansa.rs\/#website"},"primaryImageOfPage":{"@id":"https:\/\/myansa.rs\/product\/ansa-daily-greens\/#primaryimage"},"image":{"@id":"https:\/\/myansa.rs\/product\/ansa-daily-greens\/#primaryimage"},"thumbnailUrl":"https:\/\/myansa.rs\/wp-content\/uploads\/2024\/11\/SR-1-1.jpg","datePublished":"2024-11-26T10:42:25+00:00","dateModified":"2025-10-27T06:16:29+00:00","description":"Sim\u021bi c\u0103 m\u0103n\u00e2nci mereu la fel? Hr\u0103ne\u0219te-\u021bi intestinul cu 59 de superalimente. Adio balonare. Daily Greens \u2013 1 pe zi, sim\u021bi diferen\u021ba!","breadcrumb":{"@id":"https:\/\/myansa.rs\/product\/ansa-daily-greens\/#breadcrumb"},"inLanguage":"ro-RO","potentialAction":[{"@type":"ReadAction","target":["https:\/\/myansa.rs\/product\/ansa-daily-greens\/"]}]},{"@type":"ImageObject","inLanguage":"ro-RO","@id":"https:\/\/myansa.rs\/product\/ansa-daily-greens\/#primaryimage","url":"https:\/\/myansa.rs\/wp-content\/uploads\/2024\/11\/SR-1-1.jpg","contentUrl":"https:\/\/myansa.rs\/wp-content\/uploads\/2024\/11\/SR-1-1.jpg","width":1200,"height":1200},{"@type":"BreadcrumbList","@id":"https:\/\/myansa.rs\/product\/ansa-daily-greens\/#breadcrumb","itemListElement":[{"@type":"ListItem","position":1,"name":"Home","item":"https:\/\/myansa.rs\/"},{"@type":"ListItem","position":2,"name":"Shop","item":"https:\/\/myansa.rs\/shop\/"},{"@type":"ListItem","position":3,"name":"\u0430\u043d\u0441\u0430\u2122 &#8211; \u0414\u043d\u0435\u0432\u043d\u0435 \u0437\u0435\u043b\u0435\u043d\u0435 \u043d\u0430\u043c\u0438\u0440\u043d\u0438\u0446\u0435"}]},{"@type":"WebSite","@id":"https:\/\/myansa.rs\/#website","url":"https:\/\/myansa.rs\/","name":"\u0417\u0434\u0440\u0430\u0432\u0459\u0435 \u0416\u0435\u043d\u0435: \u041f\u0440\u043e\u0438\u0437\u0432\u043e\u0434\u0438 \u0438 \u0421\u0430\u0432\u0435\u0442\u0438 \u0437\u0430 \u041d\u0435\u0433\u0443 \u0422\u0435\u043b\u0430","description":"","potentialAction":[{"@type":"SearchAction","target":{"@type":"EntryPoint","urlTemplate":"https:\/\/myansa.rs\/?s={search_term_string}"},"query-input":{"@type":"PropertyValueSpecification","valueRequired":true,"valueName":"search_term_string"}}],"inLanguage":"ro-RO"}]}},"_links":{"self":[{"href":"https:\/\/myansa.rs\/ro\/wp-json\/wp\/v2\/product\/201","targetHints":{"allow":["GET"]}}],"collection":[{"href":"https:\/\/myansa.rs\/ro\/wp-json\/wp\/v2\/product"}],"about":[{"href":"https:\/\/myansa.rs\/ro\/wp-json\/wp\/v2\/types\/product"}],"replies":[{"embeddable":true,"href":"https:\/\/myansa.rs\/ro\/wp-json\/wp\/v2\/comments?post=201"}],"wp:featuredmedia":[{"embeddable":true,"href":"https:\/\/myansa.rs\/ro\/wp-json\/wp\/v2\/media\/7187"}],"wp:attachment":[{"href":"https:\/\/myansa.rs\/ro\/wp-json\/wp\/v2\/media?parent=201"}],"wp:term":[{"taxonomy":"product_brand","embeddable":true,"href":"https:\/\/myansa.rs\/ro\/wp-json\/wp\/v2\/product_brand?post=201"},{"taxonomy":"product_cat","embeddable":true,"href":"https:\/\/myansa.rs\/ro\/wp-json\/wp\/v2\/product_cat?post=201"},{"taxonomy":"product_tag","embeddable":true,"href":"https:\/\/myansa.rs\/ro\/wp-json\/wp\/v2\/product_tag?post=201"}],"curies":[{"name":"wp","href":"https:\/\/api.w.org\/{rel}","templated":true}]}}