{"id":200,"date":"2024-11-26T10:42:25","date_gmt":"2024-11-26T10:42:25","guid":{"rendered":"https:\/\/satlujwebsolution.com\/clients\/ansabg\/?post_type=product&#038;p=200"},"modified":"2025-10-27T06:09:56","modified_gmt":"2025-10-27T06:09:56","slug":"ansa-red-routine","status":"publish","type":"product","link":"https:\/\/myansa.rs\/ro\/produs\/ansa-red-routine\/","title":{"rendered":"\u0430\u043d\u0441\u0430\u2122 \u2013 \u0426\u0440\u0432\u0435\u043d\u0430 \u0440\u0443\u0442\u0438\u043d\u0430"},"content":{"rendered":"","protected":false},"excerpt":{"rendered":"<p><strong>\u041d\u0430\u043f\u0440\u0430\u0432\u0438\u0442\u0435 \u043f\u0430\u0443\u0437\u0443.<\/strong> \u0422\u043e \u0458\u0435 \u043d\u0430\u0458\u0443\u043a\u0443\u0441\u043d\u0438\u0458\u0438 \u043d\u0430\u0447\u0438\u043d \u0434\u0430 \u043f\u043e\u043c\u043e\u0433\u043d\u0435\u0442\u0435 \u0441\u0432\u043e\u043c \u0442\u0435\u043b\u0443 \u0434\u0430 \u0441\u0435 \u043e\u043f\u0443\u0441\u0442\u0438 \u043f\u043e\u0441\u043b\u0435 \u043d\u0430\u043f\u043e\u0440\u043d\u043e\u0433 \u0434\u0430\u043d\u0430 \u0438 \u0441\u0430\u0432\u0440\u0448\u0435\u043d \u0434\u043e\u0434\u0430\u0442\u0430\u043a \u0432\u0430\u0448\u043e\u0458 \u0432\u0435\u0447\u0435\u0440\u045a\u043e\u0458 \u0440\u0443\u0442\u0438\u043d\u0438 \u0441\u0430 \u0410\u043d\u0441\u0430 \u0413\u0440\u0435\u0435\u043d\u0441-\u043e\u043c! \u041f\u0440\u0435\u043b\u0435\u043f\u043e. \u041e\u043f\u0443\u0448\u0442\u0435\u043d\u043e. \u041e\u0434\u043c\u043e\u0440\u043d\u043e.<\/p>","protected":false},"featured_media":5954,"comment_status":"open","ping_status":"closed","template":"","meta":{"ocean_post_layout":"","ocean_both_sidebars_style":"","ocean_both_sidebars_content_width":0,"ocean_both_sidebars_sidebars_width":0,"ocean_sidebar":"0","ocean_second_sidebar":"0","ocean_disable_margins":"enable","ocean_add_body_class":"","ocean_shortcode_before_top_bar":"","ocean_shortcode_after_top_bar":"","ocean_shortcode_before_header":"","ocean_shortcode_after_header":"","ocean_has_shortcode":"","ocean_shortcode_after_title":"","ocean_shortcode_before_footer_widgets":"","ocean_shortcode_after_footer_widgets":"","ocean_shortcode_before_footer_bottom":"","ocean_shortcode_after_footer_bottom":"","ocean_display_top_bar":"default","ocean_display_header":"default","ocean_header_style":"custom","ocean_center_header_left_menu":"0","ocean_custom_header_template":"0","ocean_custom_logo":0,"ocean_custom_retina_logo":0,"ocean_custom_logo_max_width":0,"ocean_custom_logo_tablet_max_width":0,"ocean_custom_logo_mobile_max_width":0,"ocean_custom_logo_max_height":0,"ocean_custom_logo_tablet_max_height":0,"ocean_custom_logo_mobile_max_height":0,"ocean_header_custom_menu":"0","ocean_menu_typo_font_family":"Zilla Slab Highlight","ocean_menu_typo_font_subset":"","ocean_menu_typo_font_size":0,"ocean_menu_typo_font_size_tablet":0,"ocean_menu_typo_font_size_mobile":0,"ocean_menu_typo_font_size_unit":"px","ocean_menu_typo_font_weight":"","ocean_menu_typo_font_weight_tablet":"","ocean_menu_typo_font_weight_mobile":"","ocean_menu_typo_transform":"uppercase","ocean_menu_typo_transform_tablet":"","ocean_menu_typo_transform_mobile":"","ocean_menu_typo_line_height":0,"ocean_menu_typo_line_height_tablet":0,"ocean_menu_typo_line_height_mobile":0,"ocean_menu_typo_line_height_unit":"","ocean_menu_typo_spacing":0,"ocean_menu_typo_spacing_tablet":0,"ocean_menu_typo_spacing_mobile":0,"ocean_menu_typo_spacing_unit":"","ocean_menu_link_color":"","ocean_menu_link_color_hover":"","ocean_menu_link_color_active":"","ocean_menu_link_background":"","ocean_menu_link_hover_background":"","ocean_menu_link_active_background":"","ocean_menu_social_links_bg":"","ocean_menu_social_hover_links_bg":"","ocean_menu_social_links_color":"","ocean_menu_social_hover_links_color":"","ocean_disable_title":"default","ocean_disable_heading":"default","ocean_post_title":"","ocean_post_subheading":"","ocean_post_title_style":"solid-color","ocean_post_title_background_color":"","ocean_post_title_background":0,"ocean_post_title_bg_image_position":"bottom right","ocean_post_title_bg_image_attachment":"fixed","ocean_post_title_bg_image_repeat":"repeat-y","ocean_post_title_bg_image_size":"contain","ocean_post_title_height":0,"ocean_post_title_bg_overlay":0.5,"ocean_post_title_bg_overlay_color":"","ocean_disable_breadcrumbs":"default","ocean_breadcrumbs_color":"","ocean_breadcrumbs_separator_color":"","ocean_breadcrumbs_links_color":"","ocean_breadcrumbs_links_hover_color":"","ocean_display_footer_widgets":"default","ocean_display_footer_bottom":"default","ocean_custom_footer_template":"0"},"product_brand":[],"product_cat":[70,69],"product_tag":[23],"class_list":{"0":"post-200","1":"product","2":"type-product","3":"status-publish","4":"has-post-thumbnail","6":"product_cat-70","7":"product_cat-69","8":"product_tag-red-routine-live","10":"entry","11":"has-media","13":"first","14":"instock","15":"sale","16":"taxable","17":"shipping-taxable","18":"purchasable","19":"product-type-variable","20":"has-default-attributes","21":"has-product-nav","22":"col","23":"span_1_of_4","24":"owp-content-center","25":"owp-thumbs-layout-horizontal","26":"owp-btn-normal","27":"owp-tabs-layout-horizontal"},"yoast_head":"<!-- This site is optimized with the Yoast SEO plugin v25.3 - https:\/\/yoast.com\/wordpress\/plugins\/seo\/ -->\n<title>Balonarea de dup\u0103 cin\u0103 \u00ee\u021bi stric\u0103 somnul? \u0430\u043d\u0441\u0430\u2122 \u2013 \u0426\u0440\u0432\u0435\u043d\u0430 \u0440\u0443\u0442\u0438\u043d\u0430<\/title>\n<meta name=\"description\" content=\"Un amestec fructat care te preg\u0103te\u0219te pentru un somn odihnitor. \u2764\ufe0f Vise mai vii, stomac u\u0219or, dimine\u021bi cu energie. Dormi bine. Conteaz\u0103.\" \/>\n<meta name=\"robots\" content=\"index, follow, max-snippet:-1, max-image-preview:large, max-video-preview:-1\" \/>\n<link rel=\"canonical\" href=\"https:\/\/myansa.rs\/ro\/produs\/ansa-red-routine\/\" \/>\n<meta property=\"og:locale\" content=\"ro_RO\" \/>\n<meta property=\"og:type\" content=\"article\" \/>\n<meta property=\"og:title\" content=\"Balonarea de dup\u0103 cin\u0103 \u00ee\u021bi stric\u0103 somnul? \u0430\u043d\u0441\u0430\u2122 \u2013 \u0426\u0440\u0432\u0435\u043d\u0430 \u0440\u0443\u0442\u0438\u043d\u0430\" \/>\n<meta property=\"og:description\" content=\"Un amestec fructat care te preg\u0103te\u0219te pentru un somn odihnitor. \u2764\ufe0f Vise mai vii, stomac u\u0219or, dimine\u021bi cu energie. Dormi bine. Conteaz\u0103.\" \/>\n<meta property=\"og:url\" content=\"https:\/\/myansa.rs\/ro\/produs\/ansa-red-routine\/\" \/>\n<meta property=\"og:site_name\" content=\"\u0417\u0434\u0440\u0430\u0432\u0459\u0435 \u0416\u0435\u043d\u0435: \u041f\u0440\u043e\u0438\u0437\u0432\u043e\u0434\u0438 \u0438 \u0421\u0430\u0432\u0435\u0442\u0438 \u0437\u0430 \u041d\u0435\u0433\u0443 \u0422\u0435\u043b\u0430\" \/>\n<meta property=\"article:modified_time\" content=\"2025-10-27T06:09:56+00:00\" \/>\n<meta property=\"og:image\" content=\"https:\/\/myansa.rs\/wp-content\/uploads\/2024\/11\/Main-Reds-Image.webp\" \/>\n\t<meta property=\"og:image:width\" content=\"1080\" \/>\n\t<meta property=\"og:image:height\" content=\"1080\" \/>\n\t<meta property=\"og:image:type\" content=\"image\/webp\" \/>\n<meta name=\"twitter:card\" content=\"summary_large_image\" \/>\n<meta name=\"twitter:label1\" content=\"Timp estimat pentru citire\" \/>\n\t<meta name=\"twitter:data1\" content=\"1 minut\" \/>\n<script type=\"application\/ld+json\" class=\"yoast-schema-graph\">{\"@context\":\"https:\/\/schema.org\",\"@graph\":[{\"@type\":\"WebPage\",\"@id\":\"https:\/\/myansa.rs\/product\/ansa-red-routine\/\",\"url\":\"https:\/\/myansa.rs\/product\/ansa-red-routine\/\",\"name\":\"Balonarea de dup\u0103 cin\u0103 \u00ee\u021bi stric\u0103 somnul? \u0430\u043d\u0441\u0430\u2122 \u2013 \u0426\u0440\u0432\u0435\u043d\u0430 \u0440\u0443\u0442\u0438\u043d\u0430\",\"isPartOf\":{\"@id\":\"https:\/\/myansa.rs\/#website\"},\"primaryImageOfPage\":{\"@id\":\"https:\/\/myansa.rs\/product\/ansa-red-routine\/#primaryimage\"},\"image\":{\"@id\":\"https:\/\/myansa.rs\/product\/ansa-red-routine\/#primaryimage\"},\"thumbnailUrl\":\"https:\/\/myansa.rs\/wp-content\/uploads\/2024\/11\/Main-Reds-Image.webp\",\"datePublished\":\"2024-11-26T10:42:25+00:00\",\"dateModified\":\"2025-10-27T06:09:56+00:00\",\"description\":\"Un amestec fructat care te preg\u0103te\u0219te pentru un somn odihnitor. \u2764\ufe0f Vise mai vii, stomac u\u0219or, dimine\u021bi cu energie. Dormi bine. Conteaz\u0103.\",\"breadcrumb\":{\"@id\":\"https:\/\/myansa.rs\/product\/ansa-red-routine\/#breadcrumb\"},\"inLanguage\":\"ro-RO\",\"potentialAction\":[{\"@type\":\"ReadAction\",\"target\":[\"https:\/\/myansa.rs\/product\/ansa-red-routine\/\"]}]},{\"@type\":\"ImageObject\",\"inLanguage\":\"ro-RO\",\"@id\":\"https:\/\/myansa.rs\/product\/ansa-red-routine\/#primaryimage\",\"url\":\"https:\/\/myansa.rs\/wp-content\/uploads\/2024\/11\/Main-Reds-Image.webp\",\"contentUrl\":\"https:\/\/myansa.rs\/wp-content\/uploads\/2024\/11\/Main-Reds-Image.webp\",\"width\":1080,\"height\":1080},{\"@type\":\"BreadcrumbList\",\"@id\":\"https:\/\/myansa.rs\/product\/ansa-red-routine\/#breadcrumb\",\"itemListElement\":[{\"@type\":\"ListItem\",\"position\":1,\"name\":\"Home\",\"item\":\"https:\/\/myansa.rs\/\"},{\"@type\":\"ListItem\",\"position\":2,\"name\":\"Shop\",\"item\":\"https:\/\/myansa.rs\/shop\/\"},{\"@type\":\"ListItem\",\"position\":3,\"name\":\"\u0430\u043d\u0441\u0430\u2122 \u2013 \u0426\u0440\u0432\u0435\u043d\u0430 \u0440\u0443\u0442\u0438\u043d\u0430\"}]},{\"@type\":\"WebSite\",\"@id\":\"https:\/\/myansa.rs\/#website\",\"url\":\"https:\/\/myansa.rs\/\",\"name\":\"\u0417\u0434\u0440\u0430\u0432\u0459\u0435 \u0416\u0435\u043d\u0435: \u041f\u0440\u043e\u0438\u0437\u0432\u043e\u0434\u0438 \u0438 \u0421\u0430\u0432\u0435\u0442\u0438 \u0437\u0430 \u041d\u0435\u0433\u0443 \u0422\u0435\u043b\u0430\",\"description\":\"\",\"potentialAction\":[{\"@type\":\"SearchAction\",\"target\":{\"@type\":\"EntryPoint\",\"urlTemplate\":\"https:\/\/myansa.rs\/?s={search_term_string}\"},\"query-input\":{\"@type\":\"PropertyValueSpecification\",\"valueRequired\":true,\"valueName\":\"search_term_string\"}}],\"inLanguage\":\"ro-RO\"}]}<\/script>\n<!-- \/ Yoast SEO plugin. -->","yoast_head_json":{"title":"Balonarea de dup\u0103 cin\u0103 \u00ee\u021bi stric\u0103 somnul? \u0430\u043d\u0441\u0430\u2122 \u2013 \u0426\u0440\u0432\u0435\u043d\u0430 \u0440\u0443\u0442\u0438\u043d\u0430","description":"Un amestec fructat care te preg\u0103te\u0219te pentru un somn odihnitor. \u2764\ufe0f Vise mai vii, stomac u\u0219or, dimine\u021bi cu energie. Dormi bine. Conteaz\u0103.","robots":{"index":"index","follow":"follow","max-snippet":"max-snippet:-1","max-image-preview":"max-image-preview:large","max-video-preview":"max-video-preview:-1"},"canonical":"https:\/\/myansa.rs\/ro\/produs\/ansa-red-routine\/","og_locale":"ro_RO","og_type":"article","og_title":"Balonarea de dup\u0103 cin\u0103 \u00ee\u021bi stric\u0103 somnul? \u0430\u043d\u0441\u0430\u2122 \u2013 \u0426\u0440\u0432\u0435\u043d\u0430 \u0440\u0443\u0442\u0438\u043d\u0430","og_description":"Un amestec fructat care te preg\u0103te\u0219te pentru un somn odihnitor. \u2764\ufe0f Vise mai vii, stomac u\u0219or, dimine\u021bi cu energie. Dormi bine. Conteaz\u0103.","og_url":"https:\/\/myansa.rs\/ro\/produs\/ansa-red-routine\/","og_site_name":"\u0417\u0434\u0440\u0430\u0432\u0459\u0435 \u0416\u0435\u043d\u0435: \u041f\u0440\u043e\u0438\u0437\u0432\u043e\u0434\u0438 \u0438 \u0421\u0430\u0432\u0435\u0442\u0438 \u0437\u0430 \u041d\u0435\u0433\u0443 \u0422\u0435\u043b\u0430","article_modified_time":"2025-10-27T06:09:56+00:00","og_image":[{"width":1080,"height":1080,"url":"https:\/\/myansa.rs\/wp-content\/uploads\/2024\/11\/Main-Reds-Image.webp","type":"image\/webp"}],"twitter_card":"summary_large_image","twitter_misc":{"Timp estimat pentru citire":"1 minut"},"schema":{"@context":"https:\/\/schema.org","@graph":[{"@type":"WebPage","@id":"https:\/\/myansa.rs\/product\/ansa-red-routine\/","url":"https:\/\/myansa.rs\/product\/ansa-red-routine\/","name":"Balonarea de dup\u0103 cin\u0103 \u00ee\u021bi stric\u0103 somnul? \u0430\u043d\u0441\u0430\u2122 \u2013 \u0426\u0440\u0432\u0435\u043d\u0430 \u0440\u0443\u0442\u0438\u043d\u0430","isPartOf":{"@id":"https:\/\/myansa.rs\/#website"},"primaryImageOfPage":{"@id":"https:\/\/myansa.rs\/product\/ansa-red-routine\/#primaryimage"},"image":{"@id":"https:\/\/myansa.rs\/product\/ansa-red-routine\/#primaryimage"},"thumbnailUrl":"https:\/\/myansa.rs\/wp-content\/uploads\/2024\/11\/Main-Reds-Image.webp","datePublished":"2024-11-26T10:42:25+00:00","dateModified":"2025-10-27T06:09:56+00:00","description":"Un amestec fructat care te preg\u0103te\u0219te pentru un somn odihnitor. \u2764\ufe0f Vise mai vii, stomac u\u0219or, dimine\u021bi cu energie. Dormi bine. Conteaz\u0103.","breadcrumb":{"@id":"https:\/\/myansa.rs\/product\/ansa-red-routine\/#breadcrumb"},"inLanguage":"ro-RO","potentialAction":[{"@type":"ReadAction","target":["https:\/\/myansa.rs\/product\/ansa-red-routine\/"]}]},{"@type":"ImageObject","inLanguage":"ro-RO","@id":"https:\/\/myansa.rs\/product\/ansa-red-routine\/#primaryimage","url":"https:\/\/myansa.rs\/wp-content\/uploads\/2024\/11\/Main-Reds-Image.webp","contentUrl":"https:\/\/myansa.rs\/wp-content\/uploads\/2024\/11\/Main-Reds-Image.webp","width":1080,"height":1080},{"@type":"BreadcrumbList","@id":"https:\/\/myansa.rs\/product\/ansa-red-routine\/#breadcrumb","itemListElement":[{"@type":"ListItem","position":1,"name":"Home","item":"https:\/\/myansa.rs\/"},{"@type":"ListItem","position":2,"name":"Shop","item":"https:\/\/myansa.rs\/shop\/"},{"@type":"ListItem","position":3,"name":"\u0430\u043d\u0441\u0430\u2122 \u2013 \u0426\u0440\u0432\u0435\u043d\u0430 \u0440\u0443\u0442\u0438\u043d\u0430"}]},{"@type":"WebSite","@id":"https:\/\/myansa.rs\/#website","url":"https:\/\/myansa.rs\/","name":"\u0417\u0434\u0440\u0430\u0432\u0459\u0435 \u0416\u0435\u043d\u0435: \u041f\u0440\u043e\u0438\u0437\u0432\u043e\u0434\u0438 \u0438 \u0421\u0430\u0432\u0435\u0442\u0438 \u0437\u0430 \u041d\u0435\u0433\u0443 \u0422\u0435\u043b\u0430","description":"","potentialAction":[{"@type":"SearchAction","target":{"@type":"EntryPoint","urlTemplate":"https:\/\/myansa.rs\/?s={search_term_string}"},"query-input":{"@type":"PropertyValueSpecification","valueRequired":true,"valueName":"search_term_string"}}],"inLanguage":"ro-RO"}]}},"_links":{"self":[{"href":"https:\/\/myansa.rs\/ro\/wp-json\/wp\/v2\/product\/200","targetHints":{"allow":["GET"]}}],"collection":[{"href":"https:\/\/myansa.rs\/ro\/wp-json\/wp\/v2\/product"}],"about":[{"href":"https:\/\/myansa.rs\/ro\/wp-json\/wp\/v2\/types\/product"}],"replies":[{"embeddable":true,"href":"https:\/\/myansa.rs\/ro\/wp-json\/wp\/v2\/comments?post=200"}],"wp:featuredmedia":[{"embeddable":true,"href":"https:\/\/myansa.rs\/ro\/wp-json\/wp\/v2\/media\/5954"}],"wp:attachment":[{"href":"https:\/\/myansa.rs\/ro\/wp-json\/wp\/v2\/media?parent=200"}],"wp:term":[{"taxonomy":"product_brand","embeddable":true,"href":"https:\/\/myansa.rs\/ro\/wp-json\/wp\/v2\/product_brand?post=200"},{"taxonomy":"product_cat","embeddable":true,"href":"https:\/\/myansa.rs\/ro\/wp-json\/wp\/v2\/product_cat?post=200"},{"taxonomy":"product_tag","embeddable":true,"href":"https:\/\/myansa.rs\/ro\/wp-json\/wp\/v2\/product_tag?post=200"}],"curies":[{"name":"wp","href":"https:\/\/api.w.org\/{rel}","templated":true}]}}